{"id":1478,"date":"2021-07-09T12:05:37","date_gmt":"2021-07-09T10:05:37","guid":{"rendered":"http:\/\/psp7.zagan.pl\/?page_id=1478"},"modified":"2021-07-09T12:07:52","modified_gmt":"2021-07-09T10:07:52","slug":"promocja-zdrowie","status":"publish","type":"page","link":"http:\/\/psp7.zagan.pl\/index.php\/promocja-zdrowie\/","title":{"rendered":"Promocja zdrowie"},"content":{"rendered":"<div id='av_section_1'  class='avia-section main_color avia-section-huge avia-no-border-styling av-section-color-overlay-active avia-bg-style-parallax  avia-builder-el-0  el_before_av_one_third  avia-builder-el-first   av-minimum-height av-minimum-height-50  av-section-with-video-bg container_wrap sidebar_right' style=' '   data-av_minimum_height_pc='50' data-section-video-ratio='16:9'><div   data-size='featured'  data-lightbox_size='large'  data-animation='slide'  data-conditional_play=''  data-ids=''  data-video_counter='1'  data-autoplay='false'  data-bg_slider='false'  data-slide_height=''  data-handle=''  data-interval='5'  data-class=' av-section-video-bg'  data-el_id=''  data-css_id=''  data-scroll_down=''  data-control_layout=''  data-custom_markup=''  data-perma_caption=''  data-autoplay_stopper=''  data-image_attachment=''  data-min_height='0px'  data-default-height='28.666666666667'  class='avia-slideshow avia-slideshow-1  av-default-height-applied avia-slideshow-featured   av-section-video-bg avia-slide-slider '  itemprop=\"image\" itemscope=\"itemscope\" itemtype=\"https:\/\/schema.org\/ImageObject\" ><ul class='avia-slideshow-inner ' style='padding-bottom: 28.666666666667%;' ><li  data-controls='disabled' data-mute='1' data-loop='1' data-disable-autoplay=''  data-video-ratio='3.4883720930233' class=' av-video-slide  av-video-service-html5  av-hide-video-controls av-mute-video av-loop-video av-single-slide slide-1 ' ><div data-rel='slideshow-1' class='avia-slide-wrap '   ><div class='av-click-overlay'><\/div><video class=\"avia_video\"  autoplay loop preload=\"metadata\" muted controls id=\"player_1478_813509955_1714184843\" >\t<source src=\"http:\/\/psp7.zagan.pl\/Wordpress\/722777647.mp4\" type=\"video\/mp4\" \/><\/video><div class='av-click-to-play-overlay'><div class=\"avia_playpause_icon\"><\/div><\/div><\/div><\/li><\/ul><\/div><div class='av-section-color-overlay-wrap'><div class='av-section-color-overlay' style='opacity: 0.7; background-color: #2350a1; '><\/div><a href='#next-section' title='' class='scroll-down-link '  aria-hidden='true' data-av_icon='\ue877' data-av_iconfont='entypo-fontello'><\/a><div class='container' ><main  role=\"main\" itemprop=\"mainContentOfPage\"  class='template-page content  av-content-small alpha units'><div class='post-entry post-entry-type-page post-entry-1478'><div class='entry-content-wrapper clearfix'>\n<div class=\"flex_column av_one_fifth  flex_column_div first  avia-builder-el-1  el_before_av_three_fifth  avia-builder-el-first  \" ><\/div><div class=\"flex_column av_three_fifth  flex_column_div av-zero-column-padding   avia-builder-el-2  el_after_av_one_fifth  el_before_av_one_fifth  \" style='border-radius:0px; '><p><div  style='padding-bottom:10px; color:#ffffff;font-size:40px;' class='av-special-heading av-special-heading-h1 custom-color-heading blockquote modern-quote modern-centered  avia-builder-el-3  el_before_av_hr  avia-builder-el-first  av-thin-font av-inherit-size '><h1 class='av-special-heading-tag '  itemprop=\"headline\"  ><strong>Szko\u0142a promuj\u0105ca zdrowie<\/strong><\/h1><div class='special-heading-border'><div class='special-heading-inner-border' style='border-color:#ffffff'><\/div><\/div><\/div><br \/>\n<div  style=' margin-top:40px; margin-bottom:40px;'  class='hr hr-custom hr-center hr-icon-no   avia-builder-el-4  el_after_av_heading  avia-builder-el-last '><span class='hr-inner   inner-border-av-border-fat' style=' width:50px; border-color:#ffffff;' ><span class='hr-inner-style'><\/span><\/span><\/div><\/p><\/div><div class=\"flex_column av_one_fifth  flex_column_div av-zero-column-padding   avia-builder-el-5  el_after_av_three_fifth  avia-builder-el-last  \" style='border-radius:0px; '><\/div>\n<\/div><\/div><\/main><!-- close content main element --><\/div><\/div><\/div><div id='after_section_1'  class='main_color av_default_container_wrap container_wrap sidebar_right' style=' '  ><div class='container' ><div class='template-page content  av-content-small alpha units'><div class='post-entry post-entry-type-page post-entry-1478'><div class='entry-content-wrapper clearfix'>\n<div class=\"flex_column av_one_third  flex_column_div av-zero-column-padding first  avia-builder-el-6  el_after_av_section  avia-builder-el-no-sibling  \" style='border-radius:0px; '><section  class='avia-team-member   avia-builder-el-7  avia-builder-el-no-sibling '  itemscope=\"itemscope\" itemtype=\"https:\/\/schema.org\/Person\" ><div class='team-img-container'><img class='avia_image avia_image_team' src='http:\/\/psp7.zagan.pl\/Wordpress\/wp-content\/uploads\/2018\/04\/1-02-512-180x180.png' alt='&lt;\/p&gt;\n&lt;p&gt;&lt;center&gt;&lt;small&gt;Szko\u0142a promuj\u0105ca zdrowie&lt;\/small&gt;&lt;\/center&gt;'  itemprop=\"image\"  \/><\/div><h3 class='team-member-name'    itemprop=\"name\" ><\/p>\n<p><center><small>Szko\u0142a promuj\u0105ca zdrowie<\/small><\/center><\/h3><div class='team-member-job-title '   itemprop=\"jobTitle\" ><\/p>\n<p><center><a href=\"http:\/\/psp7.zagan.pl\/dokumentacja\/szkola_prom_zdr_2021.pdf\">Pobierz<\/a><\/center><\/div><span class='hidden team-member-affiliation'  itemprop=\"affiliation\" >Publiczna Szko\u0142a Podstawowa nr 7 im. Doroty ksi\u0119\u017cnej \u017caga\u0144skiej w \u017baganiu<\/span><\/section><\/div>\n","protected":false},"excerpt":{"rendered":"","protected":false},"author":1,"featured_media":0,"parent":0,"menu_order":0,"comment_status":"closed","ping_status":"closed","template":"","meta":[],"_links":{"self":[{"href":"http:\/\/psp7.zagan.pl\/index.php\/wp-json\/wp\/v2\/pages\/1478"}],"collection":[{"href":"http:\/\/psp7.zagan.pl\/index.php\/wp-json\/wp\/v2\/pages"}],"about":[{"href":"http:\/\/psp7.zagan.pl\/index.php\/wp-json\/wp\/v2\/types\/page"}],"author":[{"embeddable":true,"href":"http:\/\/psp7.zagan.pl\/index.php\/wp-json\/wp\/v2\/users\/1"}],"replies":[{"embeddable":true,"href":"http:\/\/psp7.zagan.pl\/index.php\/wp-json\/wp\/v2\/comments?post=1478"}],"version-history":[{"count":3,"href":"http:\/\/psp7.zagan.pl\/index.php\/wp-json\/wp\/v2\/pages\/1478\/revisions"}],"predecessor-version":[{"id":3460,"href":"http:\/\/psp7.zagan.pl\/index.php\/wp-json\/wp\/v2\/pages\/1478\/revisions\/3460"}],"wp:attachment":[{"href":"http:\/\/psp7.zagan.pl\/index.php\/wp-json\/wp\/v2\/media?parent=1478"}],"curies":[{"name":"wp","href":"https:\/\/api.w.org\/{rel}","templated":true}]}}