{"id":4113,"date":"2026-02-04T09:16:26","date_gmt":"2026-02-04T08:16:26","guid":{"rendered":"http:\/\/psp7.zagan.pl\/?page_id=4113"},"modified":"2026-03-03T10:31:14","modified_gmt":"2026-03-03T09:31:14","slug":"rekrutacja-2026-2027","status":"publish","type":"page","link":"http:\/\/psp7.zagan.pl\/index.php\/rekrutacja-2026-2027\/","title":{"rendered":"Rekrutacja 2026\/2027"},"content":{"rendered":"<div id='av_section_1'  class='avia-section main_color avia-section-huge avia-no-border-styling av-section-color-overlay-active avia-bg-style-parallax  avia-builder-el-0  el_before_av_one_full  avia-builder-el-first   av-minimum-height av-minimum-height-50  av-section-with-video-bg container_wrap sidebar_right' style=' '   data-av_minimum_height_pc='50' data-section-video-ratio='16:9'><div   data-size='featured'  data-lightbox_size='large'  data-animation='slide'  data-conditional_play=''  data-ids=''  data-video_counter='1'  data-autoplay='false'  data-bg_slider='false'  data-slide_height=''  data-handle=''  data-interval='5'  data-class=' av-section-video-bg'  data-el_id=''  data-css_id=''  data-scroll_down=''  data-control_layout=''  data-custom_markup=''  data-perma_caption=''  data-autoplay_stopper=''  data-image_attachment=''  data-min_height='0px'  data-default-height='28.666666666667'  class='avia-slideshow avia-slideshow-1  av-default-height-applied avia-slideshow-featured   av-section-video-bg avia-slide-slider '  itemprop=\"image\" itemscope=\"itemscope\" itemtype=\"https:\/\/schema.org\/ImageObject\" ><ul class='avia-slideshow-inner ' style='padding-bottom: 28.666666666667%;' ><li  data-controls='disabled' data-mute='1' data-loop='1' data-disable-autoplay=''  data-video-ratio='3.4883720930233' class=' av-video-slide  av-video-service-html5  av-hide-video-controls av-mute-video av-loop-video av-single-slide slide-1 ' ><div data-rel='slideshow-1' class='avia-slide-wrap '   ><div class='av-click-overlay'><\/div><video class=\"avia_video\"  autoplay loop preload=\"metadata\" muted controls id=\"player_4113_1651963510_1427056758\" >\t<source src=\"http:\/\/www.psp7.zagan.pl\/Wordpress\/Typing.mp4\" type=\"video\/mp4\" \/><\/video><div class='av-click-to-play-overlay'><div class=\"avia_playpause_icon\"><\/div><\/div><\/div><\/li><\/ul><\/div><div class='av-section-color-overlay-wrap'><div class='av-section-color-overlay' style='opacity: 0.7; background-color: #2350a1; '><\/div><a href='#next-section' title='' class='scroll-down-link '  aria-hidden='true' data-av_icon='\ue877' data-av_iconfont='entypo-fontello'><\/a><div class='container' ><main  role=\"main\" itemprop=\"mainContentOfPage\"  class='template-page content  av-content-small alpha units'><div class='post-entry post-entry-type-page post-entry-4113'><div class='entry-content-wrapper clearfix'>\n<div class=\"flex_column av_one_fifth  flex_column_div first  avia-builder-el-1  el_before_av_three_fifth  avia-builder-el-first  \" ><\/div><div class=\"flex_column av_three_fifth  flex_column_div av-zero-column-padding   avia-builder-el-2  el_after_av_one_fifth  el_before_av_one_fifth  \" style='border-radius:0px; '><p><div  style='padding-bottom:10px; color:#ffffff;font-size:40px;' class='av-special-heading av-special-heading-h1 custom-color-heading blockquote modern-quote modern-centered  avia-builder-el-3  el_before_av_hr  avia-builder-el-first  av-thin-font av-inherit-size '><h1 class='av-special-heading-tag '  itemprop=\"headline\"  ><strong>Rekrutacja 2026\/2027<\/strong><\/h1><div class='special-heading-border'><div class='special-heading-inner-border' style='border-color:#ffffff'><\/div><\/div><\/div><br \/>\n<div  style=' margin-top:40px; margin-bottom:40px;'  class='hr hr-custom hr-center hr-icon-no   avia-builder-el-4  el_after_av_heading  avia-builder-el-last '><span class='hr-inner   inner-border-av-border-fat' style=' width:50px; border-color:#ffffff;' ><span class='hr-inner-style'><\/span><\/span><\/div><\/p><\/div><div class=\"flex_column av_one_fifth  flex_column_div av-zero-column-padding   avia-builder-el-5  el_after_av_three_fifth  avia-builder-el-last  \" style='border-radius:0px; '><\/div>\n<\/div><\/div><\/main><!-- close content main element --><\/div><\/div><\/div><div id='after_section_1'  class='main_color av_default_container_wrap container_wrap sidebar_right' style=' '  ><div class='container' ><div class='template-page content  av-content-small alpha units'><div class='post-entry post-entry-type-page post-entry-4113'><div class='entry-content-wrapper clearfix'>\n<div class=\"flex_column av_one_full  flex_column_div av-zero-column-padding first  avia-builder-el-6  el_after_av_section  el_before_av_one_full  avia-builder-el-first  \" style='border-radius:0px; '><section class=\"av_textblock_section \"  itemscope=\"itemscope\" itemtype=\"https:\/\/schema.org\/CreativeWork\" ><div class='avia_textblock  '   itemprop=\"text\" ><p>Informacja o elektronicznym naborze,<\/p>\n<p>Informujemy, \u017ce rekrutacja do szk\u00f3\u0142 \/ przedszkoli na rok 2026 b\u0119dzie prowadzona drog\u0105 <strong>elektroniczn\u0105<\/strong> z wykorzystaniem systemu\u00a0<strong>eNab\u00f3r<\/strong>.<\/p>\n<p>Rodzice i opiekunowie prawni b\u0119d\u0105 mogli z\u0142o\u017cy\u0107 wniosek o przyj\u0119cie dziecka, za po\u015brednictwem systemu, zgodnie z harmonogramem rekrutacji.<\/p>\n<p><strong>Szczeg\u00f3\u0142owe informacje<\/strong> dotycz\u0105ce termin\u00f3w, zasad naboru oraz <strong>link do systemu<\/strong> <strong>e-Nab\u00f3r\u00a0<\/strong><a class=\"moz-txt-link-freetext\" href=\"https:\/\/zagan.e-nabor.pl\" target=\"_blank\" rel=\"noopener\">https:\/\/zagan.e-nabor.pl<\/a><\/p>\n<p>W celu u\u0142atwienia procesu rekrutacji za\u0142\u0105czamy <strong>film instrukta\u017cowy<\/strong>, kt\u00f3ry krok po kroku pokazuje, w jaki spos\u00f3b b\u0119dzie mo\u017cna poprawnie z\u0142o\u017cy\u0107 wniosek w systemie.<\/p>\n<p>W razie jakichkolwiek pyta\u0144 prosimy o kontakt:<\/p>\n<p>&#8211; Telefon: 68 477 27 02<\/p>\n<p>&#8211; E-mail: sekretariat@psp7.zagan.pl<\/p>\n<p><a href=\"http:\/\/www.psp7.zagan.pl\/dokumentacja\/rekrut2026_2027\/HARMONOGRAM_REKRUTACJA_2026_2027.pdf\">HARMONOGRAM<\/a><\/p>\n<\/div><\/section><\/div><div class=\"flex_column av_one_full  flex_column_div av-zero-column-padding first  avia-builder-el-8  el_after_av_one_full  avia-builder-el-last  column-top-margin\" style='border-radius:0px; '><section class=\"av_textblock_section \"  itemscope=\"itemscope\" itemtype=\"https:\/\/schema.org\/CreativeWork\" ><div class='avia_textblock  '   itemprop=\"text\" ><div style=\"width: 1500px;\" class=\"wp-video\"><!--[if lt IE 9]><script>document.createElement('video');<\/script><![endif]-->\n<video class=\"wp-video-shortcode\" id=\"video-4113-1\" width=\"1500\" height=\"844\" preload=\"metadata\" controls=\"controls\"><source type=\"video\/mp4\" src=\"http:\/\/psp7.zagan.pl\/wp-content\/uploads\/2026\/03\/Skladanie-wniosku-do-szkoly.mp4?_=1\" \/><a href=\"http:\/\/psp7.zagan.pl\/wp-content\/uploads\/2026\/03\/Skladanie-wniosku-do-szkoly.mp4\">http:\/\/psp7.zagan.pl\/wp-content\/uploads\/2026\/03\/Skladanie-wniosku-do-szkoly.mp4<\/a><\/video><\/div>\n<\/div><\/section><\/div><\/p>\n","protected":false},"excerpt":{"rendered":"","protected":false},"author":1,"featured_media":0,"parent":0,"menu_order":0,"comment_status":"closed","ping_status":"closed","template":"","meta":[],"_links":{"self":[{"href":"http:\/\/psp7.zagan.pl\/index.php\/wp-json\/wp\/v2\/pages\/4113"}],"collection":[{"href":"http:\/\/psp7.zagan.pl\/index.php\/wp-json\/wp\/v2\/pages"}],"about":[{"href":"http:\/\/psp7.zagan.pl\/index.php\/wp-json\/wp\/v2\/types\/page"}],"author":[{"embeddable":true,"href":"http:\/\/psp7.zagan.pl\/index.php\/wp-json\/wp\/v2\/users\/1"}],"replies":[{"embeddable":true,"href":"http:\/\/psp7.zagan.pl\/index.php\/wp-json\/wp\/v2\/comments?post=4113"}],"version-history":[{"count":3,"href":"http:\/\/psp7.zagan.pl\/index.php\/wp-json\/wp\/v2\/pages\/4113\/revisions"}],"predecessor-version":[{"id":4137,"href":"http:\/\/psp7.zagan.pl\/index.php\/wp-json\/wp\/v2\/pages\/4113\/revisions\/4137"}],"wp:attachment":[{"href":"http:\/\/psp7.zagan.pl\/index.php\/wp-json\/wp\/v2\/media?parent=4113"}],"curies":[{"name":"wp","href":"https:\/\/api.w.org\/{rel}","templated":true}]}}